{"id":99,"date":"2020-05-03T16:48:55","date_gmt":"2020-05-03T16:48:55","guid":{"rendered":"https:\/\/mycube.store\/?page_id=99"},"modified":"2025-02-04T23:04:07","modified_gmt":"2025-02-04T22:04:07","slug":"impressum","status":"publish","type":"page","link":"https:\/\/mycube.store\/en\/impressum\/","title":{"rendered":"IMPRESSUM"},"content":{"rendered":"[vc_row type=&#8221;in_container&#8221; full_screen_row_position=&#8221;middle&#8221; column_margin=&#8221;default&#8221; column_direction=&#8221;default&#8221; column_direction_tablet=&#8221;default&#8221; column_direction_phone=&#8221;default&#8221; scene_position=&#8221;center&#8221; text_color=&#8221;dark&#8221; text_align=&#8221;left&#8221; row_border_radius=&#8221;none&#8221; row_border_radius_applies=&#8221;bg&#8221; overlay_strength=&#8221;0.3&#8243; gradient_direction=&#8221;left_to_right&#8221; shape_divider_position=&#8221;bottom&#8221; bg_image_animation=&#8221;none&#8221;][vc_column column_padding=&#8221;no-extra-padding&#8221; column_padding_tablet=&#8221;inherit&#8221; column_padding_phone=&#8221;inherit&#8221; column_padding_position=&#8221;all&#8221; background_color_opacity=&#8221;1&#8243; background_hover_color_opacity=&#8221;1&#8243; column_shadow=&#8221;none&#8221; column_border_radius=&#8221;none&#8221; column_link_target=&#8221;_self&#8221; gradient_direction=&#8221;left_to_right&#8221; overlay_strength=&#8221;0.3&#8243; width=&#8221;1\/1&#8243; tablet_width_inherit=&#8221;default&#8221; tablet_text_alignment=&#8221;default&#8221; phone_text_alignment=&#8221;default&#8221; column_border_width=&#8221;none&#8221; column_border_style=&#8221;solid&#8221; bg_image_animation=&#8221;none&#8221;][vc_column_text]\r\n<p><span style=\"color: #000000;\"><strong>mycube.store powered by Lotus Studio LLC<\/strong><\/span><\/p>\r\n<p><span style=\"color: #000000;\"><!-- \/wp:post-content --><\/span><\/p>\r\n<p class=\"footer__about\">Lotus Studio LLC<br \/>2810 N Church St<br \/>#55042, Wilmington,<br \/>Delaware 19802-4447, United States<\/p>\r\n<p>&nbsp;<\/p>\r\n<p>Servicepartner in Europa f\u00fcr B2B Anfragen:<\/p>\r\n<p><a href=\"https:\/\/sorkin-media.com\/\">Sorkin Media Solutions GmbH<\/a><\/p>\r\n<p>&nbsp;<\/p>\r\n<p><span style=\"color: #000000;\"><!-- \/wp:paragraph --><\/span><\/p>\r\n<p><!-- wp:paragraph -->(1) Die EU-Kommission hat eine Plattform f\u00fcr au\u00dfergerichtliche Streitschlichtung bereitgestellt. Verbrauchern gibt dies die M\u00f6glichkeit, Streitigkeiten im Zusammenhang mit ihrer Online-Bestellung zun\u00e4chst ohne Einschaltung eines Gerichts zu kl\u00e4ren. Die Streitbeilegungsplattform ist unter dem folgenden Link erreichbar:\u00a0<a href=\"https:\/\/ec.europa.eu\/consumers\/odr\">https:\/\/ec.europa.eu\/consumers\/odr<\/a>.<\/p>\r\n<p>Unsere E-Mail-Adresse lautet: contact@mycube.store.<\/p>\r\n<p>(2) Wir bem\u00fchen uns, Meinungsverschiedenheiten aus dem Vertrag einvernehmlich beizulegen. Dar\u00fcber hinaus sind wir zu einer Teilnahme an einem Schlichtungsverfahren nicht verpflichtet und k\u00f6nnen die Teilnahe an einem solchen Verfahren nicht anbieten.<\/p>\r\n[\/vc_column_text][\/vc_column][\/vc_row][vc_row type=&#8221;in_container&#8221; full_screen_row_position=&#8221;middle&#8221; column_margin=&#8221;default&#8221; column_direction=&#8221;default&#8221; column_direction_tablet=&#8221;default&#8221; column_direction_phone=&#8221;default&#8221; scene_position=&#8221;center&#8221; top_padding=&#8221;50px&#8221; constrain_group_1=&#8221;yes&#8221; bottom_padding=&#8221;50px&#8221; text_color=&#8221;dark&#8221; text_align=&#8221;left&#8221; row_border_radius=&#8221;none&#8221; row_border_radius_applies=&#8221;bg&#8221; id=&#8221;ticket&#8221; overlay_strength=&#8221;0.3&#8243; gradient_direction=&#8221;left_to_right&#8221; shape_divider_position=&#8221;bottom&#8221; bg_image_animation=&#8221;none&#8221; shape_type=&#8221;&#8221;][vc_column column_padding=&#8221;no-extra-padding&#8221; column_padding_tablet=&#8221;inherit&#8221; column_padding_phone=&#8221;inherit&#8221; column_padding_position=&#8221;all&#8221; background_color_opacity=&#8221;1&#8243; background_hover_color_opacity=&#8221;1&#8243; column_shadow=&#8221;none&#8221; column_border_radius=&#8221;none&#8221; column_link_target=&#8221;_self&#8221; gradient_direction=&#8221;left_to_right&#8221; overlay_strength=&#8221;0.3&#8243; width=&#8221;1\/1&#8243; tablet_width_inherit=&#8221;default&#8221; tablet_text_alignment=&#8221;default&#8221; phone_text_alignment=&#8221;default&#8221; column_border_width=&#8221;none&#8221; column_border_style=&#8221;solid&#8221; bg_image_animation=&#8221;none&#8221;][vc_custom_heading text=&#8221;Fragen Sie uns an!&#8221; font_container=&#8221;tag:h2|text_align:center&#8221; use_theme_fonts=&#8221;yes&#8221; css=&#8221;.vc_custom_1612572096974{margin-top: 30px !important;margin-bottom: 50px !important;}&#8221;][vc_column_text]\n<div class=\"bootstrap-iso\">\n   <div id=\"wpsc_tickets_container\" class=\"row\" style=\"border:none;\"><\/div>\n<\/div>\n\n<!-- Pop-up snippet start -->\n<div id=\"wpsc_popup_background\" style=\"display:none;\"><\/div>\n<div id=\"wpsc_popup_container\" style=\"display:none;\">\n  <div class=\"bootstrap-iso\">\n    <div class=\"row\">\n      <div id=\"wpsc_popup\" class=\"col-xs-10 col-xs-offset-1 col-sm-10 col-sm-offset-1 col-md-8 col-md-offset-2 col-lg-6 col-lg-offset-3\">\n        <div id=\"wpsc_popup_title\" class=\"row\" style=\"background-color:#0473AA !important;color:#FFFFFF !important;\" ><h3>Modal Title<\/h3><\/div>\n        <div id=\"wpsc_popup_body\" class=\"row\">I am body!<\/div>\n        <div id=\"wpsc_popup_footer\" class=\"row\" style=\"background-color:#F6F6F6 !important;\">\n          <button type=\"button\" class=\"btn wpsc_popup_close\">Close<\/button>\n          <button type=\"button\" class=\"btn wpsc_popup_action\">Save Changes<\/button>\n        <\/div>\n      <\/div>\n    <\/div>\n  <\/div>\n<\/div>\n<!-- Pop-up snippet end -->\n\n<script>\n    var wpsc_setting_action = 'create_ticket';\n<\/script>\n\n[\/vc_column_text][\/vc_column][\/vc_row][vc_row type=&#8221;full_width_background&#8221; full_screen_row_position=&#8221;middle&#8221; column_margin=&#8221;default&#8221; column_direction=&#8221;default&#8221; column_direction_tablet=&#8221;default&#8221; column_direction_phone=&#8221;default&#8221; bg_color=&#8221;#f7f7f7&#8243; scene_position=&#8221;center&#8221; top_padding=&#8221;100&#8243; bottom_padding=&#8221;100&#8243; text_color=&#8221;dark&#8221; text_align=&#8221;left&#8221; row_border_radius=&#8221;none&#8221; row_border_radius_applies=&#8221;bg&#8221; overlay_strength=&#8221;0.3&#8243; gradient_direction=&#8221;left_to_right&#8221; shape_divider_position=&#8221;bottom&#8221; bg_image_animation=&#8221;none&#8221;][vc_column column_padding=&#8221;no-extra-padding&#8221; column_padding_tablet=&#8221;inherit&#8221; column_padding_phone=&#8221;inherit&#8221; column_padding_position=&#8221;all&#8221; background_color_opacity=&#8221;1&#8243; background_hover_color_opacity=&#8221;1&#8243; column_shadow=&#8221;none&#8221; column_border_radius=&#8221;none&#8221; column_link_target=&#8221;_self&#8221; gradient_direction=&#8221;left_to_right&#8221; overlay_strength=&#8221;0.3&#8243; width=&#8221;1\/1&#8243; tablet_width_inherit=&#8221;default&#8221; tablet_text_alignment=&#8221;default&#8221; phone_text_alignment=&#8221;default&#8221; column_border_width=&#8221;none&#8221; column_border_style=&#8221;solid&#8221; bg_image_animation=&#8221;none&#8221;][vc_column_text]\r\n<h3>Weitere Kontaktm\u00f6glichkeiten<\/h3>\r\n[\/vc_column_text][vc_column_text]\r\n<h4>F\u00fcr schnelle Kommunikation benutzen Sie unser <a href=\"#ticket\">Ticketsystem<\/a>.<\/h4>\r\n[\/vc_column_text][vc_row_inner column_margin=&#8221;default&#8221; column_direction=&#8221;default&#8221; column_direction_tablet=&#8221;default&#8221; column_direction_phone=&#8221;default&#8221; text_align=&#8221;left&#8221;][vc_column_inner column_padding=&#8221;no-extra-padding&#8221; column_padding_tablet=&#8221;inherit&#8221; column_padding_phone=&#8221;inherit&#8221; column_padding_position=&#8221;all&#8221; centered_text=&#8221;true&#8221; background_color_opacity=&#8221;1&#8243; background_hover_color_opacity=&#8221;1&#8243; column_shadow=&#8221;none&#8221; column_border_radius=&#8221;none&#8221; column_link_target=&#8221;_self&#8221; boxed=&#8221;true&#8221; gradient_direction=&#8221;left_to_right&#8221; overlay_strength=&#8221;0.3&#8243; width=&#8221;1\/4&#8243; tablet_width_inherit=&#8221;default&#8221; column_border_width=&#8221;none&#8221; column_border_style=&#8221;solid&#8221; bg_image_animation=&#8221;none&#8221; column_link=&#8221;#ticket&#8221;][nectar_icon icon_family=&#8221;fontawesome&#8221; icon_style=&#8221;default&#8221; icon_color_type=&#8221;color_scheme&#8221; icon_color=&#8221;Accent-Color&#8221; icon_padding=&#8221;20px&#8221; icon_fontawesome=&#8221;fa fa-ticket&#8221;][vc_column_text]Ticket erstellen und am schnellsten beraten werden.[\/vc_column_text][\/vc_column_inner][vc_column_inner column_padding=&#8221;no-extra-padding&#8221; column_padding_tablet=&#8221;inherit&#8221; column_padding_phone=&#8221;inherit&#8221; column_padding_position=&#8221;all&#8221; centered_text=&#8221;true&#8221; background_color_opacity=&#8221;1&#8243; background_hover_color_opacity=&#8221;1&#8243; column_shadow=&#8221;none&#8221; column_border_radius=&#8221;none&#8221; column_link_target=&#8221;_self&#8221; boxed=&#8221;true&#8221; gradient_direction=&#8221;left_to_right&#8221; overlay_strength=&#8221;0.3&#8243; width=&#8221;1\/4&#8243; tablet_width_inherit=&#8221;default&#8221; column_border_width=&#8221;none&#8221; column_border_style=&#8221;solid&#8221; bg_image_animation=&#8221;none&#8221; column_link=&#8221;mailto:contact@mycube.store&#8221;][nectar_icon icon_family=&#8221;fontawesome&#8221; icon_style=&#8221;default&#8221; icon_color_type=&#8221;color_scheme&#8221; icon_color=&#8221;Accent-Color&#8221; icon_padding=&#8221;20px&#8221; icon_fontawesome=&#8221;fa fa-envelope&#8221;][vc_column_text]contact@mycube.store[\/vc_column_text][\/vc_column_inner][\/vc_row_inner][\/vc_column][\/vc_row]","protected":false},"excerpt":{"rendered":"<p>[vc_row type=&#8221;in_container&#8221; full_screen_row_position=&#8221;middle&#8221; column_margin=&#8221;default&#8221; column_direction=&#8221;default&#8221; column_direction_tablet=&#8221;default&#8221; column_direction_phone=&#8221;default&#8221; scene_position=&#8221;center&#8221; text_color=&#8221;dark&#8221; text_align=&#8221;left&#8221; row_border_radius=&#8221;none&#8221; row_border_radius_applies=&#8221;bg&#8221; overlay_strength=&#8221;0.3&#8243; gradient_direction=&#8221;left_to_right&#8221; shape_divider_position=&#8221;bottom&#8221; bg_image_animation=&#8221;none&#8221;][vc_column column_padding=&#8221;no-extra-padding&#8221; column_padding_tablet=&#8221;inherit&#8221; column_padding_phone=&#8221;inherit&#8221; column_padding_position=&#8221;all&#8221; background_color_opacity=&#8221;1&#8243; background_hover_color_opacity=&#8221;1&#8243; column_shadow=&#8221;none&#8221; column_border_radius=&#8221;none&#8221; column_link_target=&#8221;_self&#8221; gradient_direction=&#8221;left_to_right&#8221; overlay_strength=&#8221;0.3&#8243; width=&#8221;1\/1&#8243; tablet_width_inherit=&#8221;default&#8221; tablet_text_alignment=&#8221;default&#8221;&#8230;<\/p>\n","protected":false},"author":3,"featured_media":0,"parent":0,"menu_order":0,"comment_status":"closed","ping_status":"closed","template":"","meta":{"footnotes":""},"class_list":["post-99","page","type-page","status-publish"],"yoast_head":"<!-- This site is optimized with the Yoast SEO plugin v15.3 - https:\/\/yoast.com\/wordpress\/plugins\/seo\/ -->\n<title>IMPRESSUM - mycubes - make feelings boom<\/title>\n<meta name=\"robots\" content=\"index, follow, max-snippet:-1, max-image-preview:large, max-video-preview:-1\" \/>\n<link rel=\"canonical\" href=\"https:\/\/mycube.store\/en\/impressum\/\" \/>\n<meta name=\"twitter:label1\" content=\"Written by\">\n\t<meta name=\"twitter:data1\" content=\"Andrej\">\n\t<meta name=\"twitter:label2\" content=\"Est. reading time\">\n\t<meta name=\"twitter:data2\" content=\"3 minutes\">\n<script type=\"application\/ld+json\" class=\"yoast-schema-graph\">{\"@context\":\"https:\/\/schema.org\",\"@graph\":[{\"@type\":\"Organization\",\"@id\":\"https:\/\/mycube.store\/#organization\",\"name\":\"MyCube.Store\",\"url\":\"https:\/\/mycube.store\/\",\"sameAs\":[],\"logo\":{\"@type\":\"ImageObject\",\"@id\":\"https:\/\/mycube.store\/#logo\",\"inLanguage\":\"en-US\",\"url\":\"https:\/\/mycube.store\/wp-content\/uploads\/2020\/05\/favicon_mycube.png\",\"width\":2630,\"height\":2851,\"caption\":\"MyCube.Store\"},\"image\":{\"@id\":\"https:\/\/mycube.store\/#logo\"}},{\"@type\":\"WebSite\",\"@id\":\"https:\/\/mycube.store\/#website\",\"url\":\"https:\/\/mycube.store\/\",\"name\":\"MyCube.S\",\"description\":\"Gru\\u00dfkarten mit WOW-Effekt\",\"publisher\":{\"@id\":\"https:\/\/mycube.store\/#organization\"},\"potentialAction\":[{\"@type\":\"SearchAction\",\"target\":\"https:\/\/mycube.store\/?s={search_term_string}\",\"query-input\":\"required name=search_term_string\"}],\"inLanguage\":\"en-US\"},{\"@type\":\"WebPage\",\"@id\":\"https:\/\/mycube.store\/impressum\/#webpage\",\"url\":\"https:\/\/mycube.store\/impressum\/\",\"name\":\"IMPRESSUM - mycubes - make feelings boom\",\"isPartOf\":{\"@id\":\"https:\/\/mycube.store\/#website\"},\"datePublished\":\"2020-05-03T16:48:55+00:00\",\"dateModified\":\"2025-02-04T22:04:07+00:00\",\"inLanguage\":\"en-US\",\"potentialAction\":[{\"@type\":\"ReadAction\",\"target\":[\"https:\/\/mycube.store\/impressum\/\"]}]}]}<\/script>\n<!-- \/ Yoast SEO plugin. -->","_links":{"self":[{"href":"https:\/\/mycube.store\/en\/wp-json\/wp\/v2\/pages\/99\/"}],"collection":[{"href":"https:\/\/mycube.store\/en\/wp-json\/wp\/v2\/pages\/"}],"about":[{"href":"https:\/\/mycube.store\/en\/wp-json\/wp\/v2\/types\/page\/"}],"author":[{"embeddable":true,"href":"https:\/\/mycube.store\/en\/wp-json\/wp\/v2\/users\/3\/"}],"replies":[{"embeddable":true,"href":"https:\/\/mycube.store\/en\/wp-json\/wp\/v2\/comments\/?post=99"}],"version-history":[{"count":25,"href":"https:\/\/mycube.store\/en\/wp-json\/wp\/v2\/pages\/99\/revisions\/"}],"predecessor-version":[{"id":48302,"href":"https:\/\/mycube.store\/en\/wp-json\/wp\/v2\/pages\/99\/revisions\/48302\/"}],"wp:attachment":[{"href":"https:\/\/mycube.store\/en\/wp-json\/wp\/v2\/media\/?parent=99"}],"curies":[{"name":"wp","href":"https:\/\/api.w.org\/{rel}","templated":true}]}}