{"id":45345,"date":"2023-11-27T09:57:08","date_gmt":"2023-11-27T08:57:08","guid":{"rendered":"https:\/\/mycube.store\/?page_id=45345"},"modified":"2023-11-27T11:09:57","modified_gmt":"2023-11-27T10:09:57","slug":"neuigkeiten-zu-den-besten-grusskarten","status":"publish","type":"page","link":"https:\/\/mycube.store\/en\/neuigkeiten-zu-den-besten-grusskarten\/","title":{"rendered":"Neuigkeiten zu den besten Gru\u00dfkarten der Welt"},"content":{"rendered":"[vc_row type=&#8221;full_width_background&#8221; full_screen_row_position=&#8221;middle&#8221; column_margin=&#8221;default&#8221; column_direction=&#8221;default&#8221; column_direction_tablet=&#8221;default&#8221; column_direction_phone=&#8221;default&#8221; bg_image=&#8221;40777&#8243; bg_position=&#8221;left top&#8221; bg_repeat=&#8221;no-repeat&#8221; scene_position=&#8221;center&#8221; top_padding=&#8221;8%&#8221; bottom_padding=&#8221;10%&#8221; text_color=&#8221;dark&#8221; text_align=&#8221;left&#8221; row_border_radius=&#8221;none&#8221; row_border_radius_applies=&#8221;bg&#8221; enable_gradient=&#8221;true&#8221; color_overlay=&#8221;#f7f7f7&#8243; overlay_strength=&#8221;0.8&#8243; gradient_direction=&#8221;left_to_right&#8221; shape_divider_position=&#8221;bottom&#8221; bg_image_animation=&#8221;none&#8221; parallax_bg=&#8221;true&#8221; parallax_bg_speed=&#8221;fast&#8221; shape_type=&#8221;straight_section&#8221;][vc_column column_padding=&#8221;no-extra-padding&#8221; column_padding_tablet=&#8221;inherit&#8221; column_padding_phone=&#8221;inherit&#8221; column_padding_position=&#8221;all&#8221; background_color_opacity=&#8221;1&#8243; background_hover_color_opacity=&#8221;1&#8243; column_shadow=&#8221;none&#8221; column_border_radius=&#8221;none&#8221; column_link_target=&#8221;_self&#8221; gradient_direction=&#8221;left_to_right&#8221; overlay_strength=&#8221;0.3&#8243; width=&#8221;1\/1&#8243; tablet_width_inherit=&#8221;default&#8221; tablet_text_alignment=&#8221;default&#8221; phone_text_alignment=&#8221;default&#8221; column_border_width=&#8221;none&#8221; column_border_style=&#8221;solid&#8221; bg_image_animation=&#8221;none&#8221;][vc_row_inner column_margin=&#8221;default&#8221; column_direction=&#8221;default&#8221; column_direction_tablet=&#8221;default&#8221; column_direction_phone=&#8221;default&#8221; text_align=&#8221;left&#8221;][vc_column_inner column_padding=&#8221;no-extra-padding&#8221; column_padding_tablet=&#8221;inherit&#8221; column_padding_phone=&#8221;inherit&#8221; column_padding_position=&#8221;all&#8221; background_color_opacity=&#8221;1&#8243; background_hover_color_opacity=&#8221;1&#8243; font_color=&#8221;#ffffff&#8221; column_shadow=&#8221;none&#8221; column_border_radius=&#8221;none&#8221; column_link_target=&#8221;_self&#8221; gradient_direction=&#8221;left_to_right&#8221; overlay_strength=&#8221;0.3&#8243; width=&#8221;5\/6&#8243; tablet_width_inherit=&#8221;default&#8221; column_border_width=&#8221;none&#8221; column_border_style=&#8221;solid&#8221; bg_image_animation=&#8221;none&#8221;][split_line_heading animation_type=&#8221;default&#8221;]\n<h1><span style=\"color: #000000;\">Neuigkeiten zu den besten <\/span><span style=\"color: #000000;\">Gru\u00dfkarten der Welt.<\/span><\/h1>\n[\/split_line_heading][divider line_type=&#8221;No Line&#8221; custom_height=&#8221;50&#8243;][vc_column_text]<strong><span style=\"font-size: 20px; color: #000000;\">Suchst du nach der perfekten Art, besondere Momente zu feiern? Bei mycubes kannst du einzigartige Geburtstagskarten selbst gestalten, die nicht nur beeindrucken, sondern auch f\u00fcr unvergessliche Augenblicke sorgen.<\/span><\/strong><\/p>\n<p><strong><span style=\"font-size: 20px; color: #000000;\">Hier erf\u00e4hrst Du alle Neuigkeiten zu den besten Gru\u00dfkarten der Welt von mycubes!<\/span><\/strong><\/p>\n[\/vc_column_text][\/vc_column_inner][vc_column_inner column_padding=&#8221;no-extra-padding&#8221; column_padding_tablet=&#8221;inherit&#8221; column_padding_phone=&#8221;inherit&#8221; column_padding_position=&#8221;all&#8221; background_color_opacity=&#8221;1&#8243; background_hover_color_opacity=&#8221;1&#8243; column_shadow=&#8221;none&#8221; column_border_radius=&#8221;none&#8221; column_link_target=&#8221;_self&#8221; gradient_direction=&#8221;left_to_right&#8221; overlay_strength=&#8221;0.3&#8243; width=&#8221;1\/6&#8243; tablet_width_inherit=&#8221;default&#8221; column_border_width=&#8221;none&#8221; column_border_style=&#8221;solid&#8221; bg_image_animation=&#8221;none&#8221;][\/vc_column_inner][\/vc_row_inner][\/vc_column][\/vc_row][vc_row type=&#8221;full_width_background&#8221; full_screen_row_position=&#8221;middle&#8221; column_margin=&#8221;default&#8221; column_direction=&#8221;default&#8221; column_direction_tablet=&#8221;default&#8221; column_direction_phone=&#8221;default&#8221; scene_position=&#8221;center&#8221; top_padding=&#8221;6%&#8221; bottom_padding=&#8221;6%&#8221; text_color=&#8221;dark&#8221; text_align=&#8221;left&#8221; row_border_radius=&#8221;none&#8221; row_border_radius_applies=&#8221;bg&#8221; overlay_strength=&#8221;0.3&#8243; gradient_direction=&#8221;left_to_right&#8221; shape_divider_position=&#8221;bottom&#8221; bg_image_animation=&#8221;none&#8221; shape_type=&#8221;&#8221;][vc_column column_padding=&#8221;no-extra-padding&#8221; column_padding_tablet=&#8221;inherit&#8221; column_padding_phone=&#8221;inherit&#8221; column_padding_position=&#8221;all&#8221; background_color_opacity=&#8221;1&#8243; background_hover_color_opacity=&#8221;1&#8243; column_shadow=&#8221;none&#8221; column_border_radius=&#8221;none&#8221; column_link_target=&#8221;_self&#8221; gradient_direction=&#8221;left_to_right&#8221; overlay_strength=&#8221;0.3&#8243; width=&#8221;1\/1&#8243; tablet_width_inherit=&#8221;default&#8221; tablet_text_alignment=&#8221;default&#8221; phone_text_alignment=&#8221;default&#8221; column_border_width=&#8221;none&#8221; column_border_style=&#8221;solid&#8221; bg_image_animation=&#8221;none&#8221;][nectar_blog layout=&#8221;masonry-blog-fullwidth&#8221; blog_masonry_style=&#8221;material&#8221; load_in_animation=&#8221;fade_in_from_bottom&#8221; category=&#8221;neuigkeiten-zu-den-besten-grusskarten-der-welt&#8221; enable_pagination=&#8221;true&#8221; pagination_type=&#8221;default&#8221; order=&#8221;DESC&#8221; orderby=&#8221;date&#8221; blog_remove_post_date=&#8221;true&#8221; blog_remove_post_author=&#8221;true&#8221; blog_remove_post_comment_number=&#8221;true&#8221; blog_remove_post_nectar_love=&#8221;true&#8221; posts_per_page=&#8221;12&#8243;][\/vc_column][\/vc_row][vc_row type=&#8221;in_container&#8221; full_screen_row_position=&#8221;middle&#8221; column_margin=&#8221;default&#8221; column_direction=&#8221;default&#8221; column_direction_tablet=&#8221;default&#8221; column_direction_phone=&#8221;default&#8221; scene_position=&#8221;center&#8221; text_color=&#8221;dark&#8221; text_align=&#8221;left&#8221; row_border_radius=&#8221;none&#8221; row_border_radius_applies=&#8221;bg&#8221; overlay_strength=&#8221;0.3&#8243; gradient_direction=&#8221;left_to_right&#8221; shape_divider_position=&#8221;bottom&#8221; bg_image_animation=&#8221;none&#8221; shape_type=&#8221;&#8221;][vc_column column_padding=&#8221;no-extra-padding&#8221; column_padding_tablet=&#8221;inherit&#8221; column_padding_phone=&#8221;inherit&#8221; column_padding_position=&#8221;all&#8221; background_color_opacity=&#8221;1&#8243; background_hover_color_opacity=&#8221;1&#8243; column_shadow=&#8221;none&#8221; column_border_radius=&#8221;none&#8221; column_link_target=&#8221;_self&#8221; gradient_direction=&#8221;left_to_right&#8221; overlay_strength=&#8221;0.3&#8243; width=&#8221;1\/1&#8243; tablet_width_inherit=&#8221;default&#8221; tablet_text_alignment=&#8221;default&#8221; phone_text_alignment=&#8221;default&#8221; column_border_width=&#8221;none&#8221; column_border_style=&#8221;solid&#8221; bg_image_animation=&#8221;none&#8221;][split_line_heading animation_type=&#8221;default&#8221;]\n<h2>mycubes &#8211; makes feelings boom!<\/h2>\n[\/split_line_heading][vc_row_inner column_margin=&#8221;default&#8221; column_direction=&#8221;default&#8221; column_direction_tablet=&#8221;default&#8221; column_direction_phone=&#8221;default&#8221; bottom_padding=&#8221;2%&#8221; text_align=&#8221;left&#8221;][vc_column_inner column_padding=&#8221;padding-3-percent&#8221; column_padding_tablet=&#8221;inherit&#8221; column_padding_phone=&#8221;inherit&#8221; column_padding_position=&#8221;top&#8221; background_color_opacity=&#8221;1&#8243; background_hover_color_opacity=&#8221;1&#8243; column_shadow=&#8221;none&#8221; column_border_radius=&#8221;none&#8221; column_link_target=&#8221;_self&#8221; gradient_direction=&#8221;left_to_right&#8221; overlay_strength=&#8221;0.3&#8243; width=&#8221;1\/2&#8243; tablet_width_inherit=&#8221;default&#8221; column_border_width=&#8221;none&#8221; column_border_style=&#8221;solid&#8221; bg_image_animation=&#8221;none&#8221; enable_animation=&#8221;true&#8221; animation=&#8221;fade-in-from-bottom&#8221;][vc_column_text]<span style=\"font-size: 18px; color: #000000;\">Unsere Philosophie ist einfach: Qualit\u00e4t ist der Schl\u00fcssel. Jede Karte wird mit hochwertigem Papier und sorgf\u00e4ltig ausgew\u00e4hlten Materialien gefertigt, um nicht nur visuell zu begeistern, sondern auch ein haptisches Erlebnis zu bieten. Unsere mycubes-Karten sind nicht nur sch\u00f6n anzusehen, sondern auch angenehm anzufassen.<\/span><\/p>\n<p><span style=\"font-size: 18px; color: #000000;\">Was unsere Karten jedoch wirklich einzigartig macht, ist ihre Kreativit\u00e4t. Unsere Designer stecken ihr Herzblut in jedes Detail, um sicherzustellen, dass jede Karte etwas Besonderes ist. F\u00fcr Geburtstage bieten wir beispielsweise faszinierende mycubes-Geburtstagskarten an, die beim \u00d6ffnen \u00fcberraschende Elemente wie Fotow\u00fcrfel und Konfetti freisetzen.<\/span><\/p>\n<p><span style=\"font-size: 18px; color: #000000;\">Aber unser Sortiment beschr\u00e4nkt sich nicht nur auf <a href=\"https:\/\/mycube.store\/geburtstagskarte-selbst-gestalten-mit-mycubes-konfetti-karten\/\">Geburtstage<\/a>. Unsere Karten eignen sich perfekt f\u00fcr Einladungen zu besonderen Anl\u00e4ssen. Ob Hochzeit, Jubil\u00e4um oder Babyparty &#8211; mit unseren kreativen Einladungskarten weckst du Vorfreude und Begeisterung schon beim \u00d6ffnen. \u00dcberrasche deine G\u00e4ste mit ausgefallenen Designs und pers\u00f6nlichen Noten, die sie sofort begeistern werden.<\/span>[\/vc_column_text][\/vc_column_inner][vc_column_inner column_padding=&#8221;padding-3-percent&#8221; column_padding_tablet=&#8221;inherit&#8221; column_padding_phone=&#8221;inherit&#8221; column_padding_position=&#8221;top&#8221; background_color_opacity=&#8221;1&#8243; background_hover_color_opacity=&#8221;1&#8243; column_shadow=&#8221;none&#8221; column_border_radius=&#8221;none&#8221; column_link_target=&#8221;_self&#8221; gradient_direction=&#8221;left_to_right&#8221; overlay_strength=&#8221;0.3&#8243; width=&#8221;1\/2&#8243; tablet_width_inherit=&#8221;default&#8221; column_border_width=&#8221;none&#8221; column_border_style=&#8221;solid&#8221; bg_image_animation=&#8221;none&#8221; enable_animation=&#8221;true&#8221; animation=&#8221;fade-in-from-bottom&#8221; delay=&#8221;100&#8243;][vc_column_text]<span style=\"font-size: 18px; color: #000000;\">Und vergiss nicht die Danksagungskarten. Nach einer Feier oder einem wichtigen Ereignis ist es entscheidend, den G\u00e4sten deine Wertsch\u00e4tzung zu zeigen. Unsere tollen mycubes-Danksagungskarten bieten dir die perfekte M\u00f6glichkeit, dich bei deinen Liebsten zu bedanken und deine Dankbarkeit kreativ auszudr\u00fccken.<\/span><\/p>\n<p><span style=\"font-size: 18px; color: #000000;\">Entdecke bei mycubes nicht nur sch\u00f6ne Karten, sondern schaffe unvergessliche Erinnerungen. Unsere hochwertigen und kreativen Karten lassen deine besonderen Momente noch spezieller werden. \u00dcberrasche deine Familie und Freunde mit unseren einzigartigen mycubes-Geburtstagskarten, kreativen Einladungen und tollen Danksagungen.<\/span>[\/vc_column_text][\/vc_column_inner][\/vc_row_inner][\/vc_column][\/vc_row][vc_row type=&#8221;in_container&#8221; full_screen_row_position=&#8221;middle&#8221; column_margin=&#8221;default&#8221; column_direction=&#8221;default&#8221; column_direction_tablet=&#8221;default&#8221; column_direction_phone=&#8221;default&#8221; scene_position=&#8221;center&#8221; text_color=&#8221;dark&#8221; text_align=&#8221;left&#8221; row_border_radius=&#8221;none&#8221; row_border_radius_applies=&#8221;bg&#8221; overlay_strength=&#8221;0.3&#8243; gradient_direction=&#8221;left_to_right&#8221; shape_divider_position=&#8221;bottom&#8221; bg_image_animation=&#8221;none&#8221;][vc_column column_padding=&#8221;no-extra-padding&#8221; column_padding_tablet=&#8221;inherit&#8221; column_padding_phone=&#8221;inherit&#8221; column_padding_position=&#8221;all&#8221; background_color_opacity=&#8221;1&#8243; background_hover_color_opacity=&#8221;1&#8243; column_shadow=&#8221;none&#8221; column_border_radius=&#8221;none&#8221; column_link_target=&#8221;_self&#8221; gradient_direction=&#8221;left_to_right&#8221; overlay_strength=&#8221;0.3&#8243; width=&#8221;1\/1&#8243; tablet_width_inherit=&#8221;default&#8221; tablet_text_alignment=&#8221;default&#8221; phone_text_alignment=&#8221;default&#8221; column_border_width=&#8221;none&#8221; column_border_style=&#8221;solid&#8221; bg_image_animation=&#8221;none&#8221;][split_line_heading animation_type=&#8221;default&#8221;]\n<h2>mycubes f\u00fcr Unternehmen<\/h2>\n[\/split_line_heading][vc_column_text]<span style=\"font-size: 18px; color: #000000;\">Zus\u00e4tzlich bieten wir bei mycubes kreative und explosive Konfetti-Gru\u00dfkarten f\u00fcr Unternehmen an, die ihre Mitarbeiter begeistern m\u00f6chten. Ein solch ungew\u00f6hnliches Geschenk sorgt nicht nur f\u00fcr gute Laune, sondern erh\u00f6ht auch die Produktion von Gl\u00fcckshormonen und vermittelt ein Gef\u00fchl der Anerkennung und Aufmerksamkeit des Arbeitgebers.<\/span><\/p>\n<p><span style=\"font-size: 18px; color: #000000;\">Viele unserer Kunden bestellen nicht nur Postkarten f\u00fcr Mitarbeiter, sondern auch f\u00fcr Partner, um die Zusammenarbeit zu st\u00e4rken. Besuche mycube.store f\u00fcr weitere kreative Ideen oder entdecke bei Sorkin Media Solutions tolle Marketingprodukte, die deinem Brand einen starken Boost verleihen werden.<\/span><\/p>\n<p><span style=\"font-size: 18px; color: #000000;\">Alle weiteren Neuigkeiten zu den besten Gru\u00dfkarten der Welt erf\u00e4hrst Du auf dieser Seite!<br \/>\nmycubes- make feelings boom!<\/span>[\/vc_column_text][\/vc_column][\/vc_row]\n","protected":false},"excerpt":{"rendered":"<p>[vc_row type=&#8221;full_width_background&#8221; full_screen_row_position=&#8221;middle&#8221; column_margin=&#8221;default&#8221; column_direction=&#8221;default&#8221; column_direction_tablet=&#8221;default&#8221; column_direction_phone=&#8221;default&#8221; bg_image=&#8221;40777&#8243; bg_position=&#8221;left top&#8221; bg_repeat=&#8221;no-repeat&#8221; scene_position=&#8221;center&#8221; top_padding=&#8221;8%&#8221; bottom_padding=&#8221;10%&#8221; text_color=&#8221;dark&#8221; text_align=&#8221;left&#8221; row_border_radius=&#8221;none&#8221; row_border_radius_applies=&#8221;bg&#8221; enable_gradient=&#8221;true&#8221; color_overlay=&#8221;#f7f7f7&#8243; overlay_strength=&#8221;0.8&#8243; gradient_direction=&#8221;left_to_right&#8221; shape_divider_position=&#8221;bottom&#8221; bg_image_animation=&#8221;none&#8221; parallax_bg=&#8221;true&#8221; parallax_bg_speed=&#8221;fast&#8221; shape_type=&#8221;straight_section&#8221;][vc_column column_padding=&#8221;no-extra-padding&#8221; column_padding_tablet=&#8221;inherit&#8221; column_padding_phone=&#8221;inherit&#8221;&#8230;<\/p>\n","protected":false},"author":3,"featured_media":0,"parent":0,"menu_order":0,"comment_status":"closed","ping_status":"closed","template":"","meta":{"footnotes":""},"class_list":["post-45345","page","type-page","status-publish"],"yoast_head":"<!-- This site is optimized with the Yoast SEO plugin v15.3 - https:\/\/yoast.com\/wordpress\/plugins\/seo\/ -->\n<title>Neuigkeiten zu den besten Gru\u00dfkarten von mycubes - make feelings boom<\/title>\n<meta name=\"description\" content=\"Neuigkeiten zu den besten Gru\u00dfkarten von mycubes erf\u00e4hrst Du hier und \u00fcberzeugst Dich, dass Du damit immer f\u00fcr einen WOW-Effekt sorgsen wirst\" \/>\n<meta name=\"robots\" content=\"index, follow, max-snippet:-1, max-image-preview:large, max-video-preview:-1\" \/>\n<link rel=\"canonical\" href=\"https:\/\/mycube.store\/en\/neuigkeiten-zu-den-besten-grusskarten\/\" \/>\n<meta name=\"twitter:label1\" content=\"Written by\">\n\t<meta name=\"twitter:data1\" content=\"Andrej\">\n\t<meta name=\"twitter:label2\" content=\"Est. reading time\">\n\t<meta name=\"twitter:data2\" content=\"6 minutes\">\n<script type=\"application\/ld+json\" class=\"yoast-schema-graph\">{\"@context\":\"https:\/\/schema.org\",\"@graph\":[{\"@type\":\"Organization\",\"@id\":\"https:\/\/mycube.store\/#organization\",\"name\":\"MyCube.Store\",\"url\":\"https:\/\/mycube.store\/\",\"sameAs\":[],\"logo\":{\"@type\":\"ImageObject\",\"@id\":\"https:\/\/mycube.store\/#logo\",\"inLanguage\":\"en-US\",\"url\":\"https:\/\/mycube.store\/wp-content\/uploads\/2020\/05\/favicon_mycube.png\",\"width\":2630,\"height\":2851,\"caption\":\"MyCube.Store\"},\"image\":{\"@id\":\"https:\/\/mycube.store\/#logo\"}},{\"@type\":\"WebSite\",\"@id\":\"https:\/\/mycube.store\/#website\",\"url\":\"https:\/\/mycube.store\/\",\"name\":\"MyCube.S\",\"description\":\"Gru\\u00dfkarten mit WOW-Effekt\",\"publisher\":{\"@id\":\"https:\/\/mycube.store\/#organization\"},\"potentialAction\":[{\"@type\":\"SearchAction\",\"target\":\"https:\/\/mycube.store\/?s={search_term_string}\",\"query-input\":\"required name=search_term_string\"}],\"inLanguage\":\"en-US\"},{\"@type\":\"WebPage\",\"@id\":\"https:\/\/mycube.store\/neuigkeiten-zu-den-besten-grusskarten\/#webpage\",\"url\":\"https:\/\/mycube.store\/neuigkeiten-zu-den-besten-grusskarten\/\",\"name\":\"Neuigkeiten zu den besten Gru\\u00dfkarten von mycubes - make feelings boom\",\"isPartOf\":{\"@id\":\"https:\/\/mycube.store\/#website\"},\"datePublished\":\"2023-11-27T08:57:08+00:00\",\"dateModified\":\"2023-11-27T10:09:57+00:00\",\"description\":\"Neuigkeiten zu den besten Gru\\u00dfkarten von mycubes erf\\u00e4hrst Du hier und \\u00fcberzeugst Dich, dass Du damit immer f\\u00fcr einen WOW-Effekt sorgsen wirst\",\"inLanguage\":\"en-US\",\"potentialAction\":[{\"@type\":\"ReadAction\",\"target\":[\"https:\/\/mycube.store\/neuigkeiten-zu-den-besten-grusskarten\/\"]}]}]}<\/script>\n<!-- \/ Yoast SEO plugin. -->","_links":{"self":[{"href":"https:\/\/mycube.store\/en\/wp-json\/wp\/v2\/pages\/45345\/"}],"collection":[{"href":"https:\/\/mycube.store\/en\/wp-json\/wp\/v2\/pages\/"}],"about":[{"href":"https:\/\/mycube.store\/en\/wp-json\/wp\/v2\/types\/page\/"}],"author":[{"embeddable":true,"href":"https:\/\/mycube.store\/en\/wp-json\/wp\/v2\/users\/3\/"}],"replies":[{"embeddable":true,"href":"https:\/\/mycube.store\/en\/wp-json\/wp\/v2\/comments\/?post=45345"}],"version-history":[{"count":13,"href":"https:\/\/mycube.store\/en\/wp-json\/wp\/v2\/pages\/45345\/revisions\/"}],"predecessor-version":[{"id":45362,"href":"https:\/\/mycube.store\/en\/wp-json\/wp\/v2\/pages\/45345\/revisions\/45362\/"}],"wp:attachment":[{"href":"https:\/\/mycube.store\/en\/wp-json\/wp\/v2\/media\/?parent=45345"}],"curies":[{"name":"wp","href":"https:\/\/api.w.org\/{rel}","templated":true}]}}