{"id":2211,"date":"2020-11-03T14:02:02","date_gmt":"2020-11-03T14:02:02","guid":{"rendered":"https:\/\/mycube.store\/my-account\/"},"modified":"2020-11-03T14:02:02","modified_gmt":"2020-11-03T14:02:02","slug":"my-account","status":"publish","type":"page","link":"https:\/\/mycube.store\/en\/my-account\/","title":{"rendered":"My Account"},"content":{"rendered":"<div class=\"woocommerce\"><div class=\"woocommerce-notices-wrapper\"><\/div>\r\n\r\n\r\n<div class=\"u-columns col2-set\" id=\"customer_login\">\r\n\r\n\t<div class=\"u-column1 col-1\">\r\n\r\n\r\n\t\t<h2 class=\"\">Login<\/h2>\r\n\r\n\t\t<form class=\"woocommerce-form woocommerce-form-login login \" method=\"post\">\r\n\r\n\t\t\t\r\n\t\t\t<p class=\"woocommerce-form-row woocommerce-form-row--wide form-row form-row-wide\">\r\n\t\t\t\t<label for=\"username\">Username or email address&nbsp;<span class=\"required\">*<\/span><\/label>\r\n\t\t\t\t<input type=\"text\" class=\"woocommerce-Input woocommerce-Input--text input-text\" name=\"username\" id=\"username\" autocomplete=\"username\" value=\"\" \/>\t\t\t<\/p>\r\n\t\t\t<p class=\"woocommerce-form-row woocommerce-form-row--wide form-row form-row-wide\">\r\n\t\t\t\t<label for=\"password\">Password&nbsp;<span class=\"required\">*<\/span><\/label>\r\n\t\t\t\t<input class=\"woocommerce-Input woocommerce-Input--text input-text\" type=\"password\" name=\"password\" id=\"password\" autocomplete=\"current-password\" \/>\r\n\t\t\t<\/p>\r\n\r\n\t\t\t\r\n\t\t\t<p class=\"form-row\">\r\n\t\t\t\t<input type=\"hidden\" id=\"woocommerce-login-nonce\" name=\"woocommerce-login-nonce\" value=\"6c8f765057\" \/><input type=\"hidden\" name=\"_wp_http_referer\" value=\"\/en\/wp-json\/wp\/v2\/pages\/2211\/\" \/>\t\t\t\t\r\n\t\t\t\t<input class=\"woocommerce-form__input woocommerce-form__input-checkbox\" name=\"rememberme\" type=\"checkbox\" id=\"rememberme\" value=\"forever\" \/> \r\n\t\t\t\t<label class=\"woocommerce-form__label woocommerce-form__label-for-checkbox inline\" for=\"rememberme\">\r\n\t\t\t\t\t<span><\/span>Remember me\t\t\t\t<\/label>\r\n\t\t\t\t<button type=\"submit\" class=\"woocommerce-Button button\" name=\"login\" value=\"Log in\">Log in<\/button>\r\n\t\t\t<\/p>\r\n\t\t\t<p class=\"woocommerce-LostPassword lost_password\">\r\n\t\t\t\t<a href=\"https:\/\/mycube.store\/mein-konto\/lost-password\/\">Lost your password?<\/a>\r\n\t\t\t<\/p>\r\n\r\n\t\t\t\r\n\t\t<\/form>\r\n\r\n\r\n\t<\/div>\r\n\r\n\t<div class=\"u-column2 col-2\">\r\n\r\n\t\t<h2>Register<\/h2>\r\n\r\n\t\t<form method=\"post\" class=\"woocommerce-form woocommerce-form-register register\"  >\r\n\r\n\t\t\t\r\n\t\t\t\r\n\t\t\t\t<p class=\"woocommerce-form-row woocommerce-form-row--wide form-row form-row-wide\">\r\n\t\t\t\t\t<label for=\"reg_username\">Username&nbsp;<span class=\"required\">*<\/span><\/label>\r\n\t\t\t\t\t<input type=\"text\" class=\"woocommerce-Input woocommerce-Input--text input-text\" name=\"username\" id=\"reg_username\" autocomplete=\"username\" value=\"\" \/>\t\t\t\t<\/p>\r\n\r\n\t\t\t\r\n\t\t\t<p class=\"woocommerce-form-row woocommerce-form-row--wide form-row form-row-wide\">\r\n\t\t\t\t<label for=\"reg_email\">Email address&nbsp;<span class=\"required\">*<\/span><\/label>\r\n\t\t\t\t<input type=\"email\" class=\"woocommerce-Input woocommerce-Input--text input-text\" name=\"email\" id=\"reg_email\" autocomplete=\"email\" value=\"\" \/>\t\t\t<\/p>\r\n\r\n\t\t\t\r\n\t\t\t\t<p class=\"woocommerce-form-row woocommerce-form-row--wide form-row form-row-wide\">\r\n\t\t\t\t\t<label for=\"reg_password\">Password&nbsp;<span class=\"required\">*<\/span><\/label>\r\n\t\t\t\t\t<input type=\"password\" class=\"woocommerce-Input woocommerce-Input--text input-text\" name=\"password\" id=\"reg_password\" autocomplete=\"new-password\" \/>\r\n\t\t\t\t<\/p>\r\n\t\t\t\t\r\n\t\t\t\r\n\t\t\t<input type=\"hidden\" name=\"tnp-nlang\" value=\"en\"><p class=\"woocommerce-form-row woocommerce-form-row--wide form-row form-row-wide\">\r\n            <input type=\"checkbox\" class=\"input-checkbox\" name=\"tnp-nl\" id=\"tnp-nl\"  \/>\r\n                                <label for=\"tnp-nl\" class=\"checkbox\">Erhalte 10% Rabatt. Erfahre \u00fcber attraktive Rabattaktionen. Abonniere unseren Newsletter!<\/label>\r\n        <\/p><div class=\"woocommerce-privacy-policy-text\"><p>Wir verwenden deine personenbezogenen Daten, um eine m\u00f6glichst gute Benutzererfahrung auf dieser Website zu erm\u00f6glichen, den Zugriff auf dein Konto zu verwalten und f\u00fcr weitere Zwecke, die in unserer <a href=\"https:\/\/mycube.store\/en\/datenschutzerklaerung\/\" class=\"woocommerce-privacy-policy-link\" target=\"_blank\">privacy policy<\/a> beschrieben sind.<\/p>\n<\/div>\r\n\t\t\t<p class=\"woocommerce-form-row form-row\">\r\n\t\t\t\t<input type=\"hidden\" id=\"woocommerce-register-nonce\" name=\"woocommerce-register-nonce\" value=\"871a09f5c0\" \/><input type=\"hidden\" name=\"_wp_http_referer\" value=\"\/en\/wp-json\/wp\/v2\/pages\/2211\/\" \/>\t\t\t\t<button type=\"submit\" class=\"woocommerce-Button woocommerce-button button woocommerce-form-register__submit\" name=\"register\" value=\"Register\">Register<\/button>\r\n\t\t\t<\/p>\r\n\r\n\t\t\t\r\n\t\t<\/form>\r\n\r\n\t<\/div>\r\n\r\n<\/div>\r\n\r\n<\/div>\n","protected":false},"excerpt":{"rendered":"Login Username or email address&nbsp;* Password&nbsp;* Remember me Log in Lost your password? Register Username&nbsp;* Email address&nbsp;* Password&nbsp;* Erhalte 10% Rabatt. Erfahre \u00fcber attraktive Rabattaktionen. Abonniere unseren Newsletter! Wir verwenden...","protected":false},"author":3,"featured_media":0,"parent":0,"menu_order":0,"comment_status":"closed","ping_status":"closed","template":"","meta":{"footnotes":""},"class_list":["post-2211","page","type-page","status-publish"],"yoast_head":"<!-- This site is optimized with the Yoast SEO plugin v15.3 - https:\/\/yoast.com\/wordpress\/plugins\/seo\/ -->\n<title>My Account - mycubes - make feelings boom<\/title>\n<meta name=\"robots\" content=\"index, follow, max-snippet:-1, max-image-preview:large, max-video-preview:-1\" \/>\n<link rel=\"canonical\" href=\"https:\/\/mycube.store\/en\/my-account\/\" \/>\n<meta name=\"twitter:label1\" content=\"Written by\">\n\t<meta name=\"twitter:data1\" content=\"Andrej\">\n\t<meta name=\"twitter:label2\" content=\"Est. reading time\">\n\t<meta name=\"twitter:data2\" content=\"0 minutes\">\n<script type=\"application\/ld+json\" class=\"yoast-schema-graph\">{\"@context\":\"https:\/\/schema.org\",\"@graph\":[{\"@type\":\"Organization\",\"@id\":\"https:\/\/mycube.store\/#organization\",\"name\":\"MyCube.Store\",\"url\":\"https:\/\/mycube.store\/\",\"sameAs\":[],\"logo\":{\"@type\":\"ImageObject\",\"@id\":\"https:\/\/mycube.store\/#logo\",\"inLanguage\":\"en-US\",\"url\":\"https:\/\/mycube.store\/wp-content\/uploads\/2020\/05\/favicon_mycube.png\",\"width\":2630,\"height\":2851,\"caption\":\"MyCube.Store\"},\"image\":{\"@id\":\"https:\/\/mycube.store\/#logo\"}},{\"@type\":\"WebSite\",\"@id\":\"https:\/\/mycube.store\/#website\",\"url\":\"https:\/\/mycube.store\/\",\"name\":\"MyCube.S\",\"description\":\"Gru\\u00dfkarten mit WOW-Effekt\",\"publisher\":{\"@id\":\"https:\/\/mycube.store\/#organization\"},\"potentialAction\":[{\"@type\":\"SearchAction\",\"target\":\"https:\/\/mycube.store\/?s={search_term_string}\",\"query-input\":\"required name=search_term_string\"}],\"inLanguage\":\"en-US\"},{\"@type\":\"WebPage\",\"@id\":\"https:\/\/mycube.store\/my-account\/#webpage\",\"url\":\"https:\/\/mycube.store\/my-account\/\",\"name\":\"My Account - mycubes - make feelings boom\",\"isPartOf\":{\"@id\":\"https:\/\/mycube.store\/#website\"},\"datePublished\":\"2020-11-03T14:02:02+00:00\",\"dateModified\":\"2020-11-03T14:02:02+00:00\",\"inLanguage\":\"en-US\",\"potentialAction\":[{\"@type\":\"ReadAction\",\"target\":[\"https:\/\/mycube.store\/my-account\/\"]}]}]}<\/script>\n<!-- \/ Yoast SEO plugin. -->","_links":{"self":[{"href":"https:\/\/mycube.store\/en\/wp-json\/wp\/v2\/pages\/2211\/"}],"collection":[{"href":"https:\/\/mycube.store\/en\/wp-json\/wp\/v2\/pages\/"}],"about":[{"href":"https:\/\/mycube.store\/en\/wp-json\/wp\/v2\/types\/page\/"}],"author":[{"embeddable":true,"href":"https:\/\/mycube.store\/en\/wp-json\/wp\/v2\/users\/3\/"}],"replies":[{"embeddable":true,"href":"https:\/\/mycube.store\/en\/wp-json\/wp\/v2\/comments\/?post=2211"}],"version-history":[{"count":0,"href":"https:\/\/mycube.store\/en\/wp-json\/wp\/v2\/pages\/2211\/revisions\/"}],"wp:attachment":[{"href":"https:\/\/mycube.store\/en\/wp-json\/wp\/v2\/media\/?parent=2211"}],"curies":[{"name":"wp","href":"https:\/\/api.w.org\/{rel}","templated":true}]}}