{"id":163,"date":"2020-05-05T11:05:51","date_gmt":"2020-05-05T11:05:51","guid":{"rendered":"https:\/\/mycube.store\/?page_id=163"},"modified":"2020-05-05T11:05:51","modified_gmt":"2020-05-05T11:05:51","slug":"zahlung-und-versand","status":"publish","type":"page","link":"https:\/\/mycube.store\/en\/zahlung-und-versand\/","title":{"rendered":"ZAHLUNG UND VERSAND"},"content":{"rendered":"\n<p>Es gelten folgende Bedingungen:<\/p>\n\n\n\n<p><strong>Versandbedingungen<\/strong><\/p>\n\n\n\n<p>Die Lieferung erfolgt innerhalb Deutschlands und in die nachstehenden L\u00e4nder: Albanien, Belgien, Bosnien und Herzegowina, Bulgarien, D\u00e4nemark, Estland, Finnland, Frankreich, Griechenland, Gro\u00dfbritannien, Irland, Island, Italien, Kasachstan, Kosovo, Kroatien, Lettland, Liechtenstein, Litauen, Luxemburg, Malta, Mazedonien, Moldawien, Montenegro, Niederlande, Norwegen, \u00d6sterreich, Polen, Rum\u00e4nien, Russland, Schweden, Schweiz, Serbien, Slowakei, Slowenien, Spanien, Tschechien, T\u00fcrkei, Ukraine, Ungarn, Wei\u00dfrussland.<\/p>\n\n\n\n<p><strong>Versandkosten (inklusive gesetzliche Mehrwertsteuer)<\/strong><\/p>\n\n\n\n<p><strong>Lieferungen innerhalb Deutschlands:<\/strong><\/p>\n\n\n\n<p>F\u00fcr die Versandart &#8220;Standard Versand&#8221; berechnen wir die Versandkosten pauschal mit 2,50 \u20ac pro Bestellung.<\/p>\n\n\n\n<p>F\u00fcr die Versandart &#8220;Standard Buchversand&#8221; berechnen wir die Versandkosten pauschal mit 4,50 \u20ac pro Bestellung.<\/p>\n\n\n\n<p><strong>Lieferungen ins Ausland:<\/strong><\/p>\n\n\n\n<p>F\u00fcr die Versandart &#8220;Standard Versand&#8221; berechnen wir die Versandkosten pauschal mit 4,50 \u20ac pro Bestellung.<\/p>\n\n\n\n<p>F\u00fcr die Versandart &#8220;Standard Buchversand&#8221; berechnen wir die Versandkosten pauschal mit 4,50 \u20ac pro Bestellung.<\/p>\n\n\n\n<p><strong>Lieferung von Download-Produkten:<\/strong><br><br>F\u00fcr Download-Produkte (digitale Inhalte, die nicht auf einem k\u00f6rperlichen Datentr\u00e4ger geliefert werden) fallen keine Versandkosten an.<br><br>Download-Produkte k\u00f6nnen Sie \u00fcber einen per E-Mail mitgeteilten Link herunterladen.<br>Die Versendung dieser E-Mail mit Zugangsdaten zur Ausf\u00fchrung des Downloads erfolgt innerhalb von 24 Stunden nach Vertragsschluss (bei vereinbarter Vorauszahlung nach dem Zeitpunkt Ihrer Zahlungsanweisung).<br><br><strong>Lieferfristen<\/strong><br><br>Soweit im jeweiligen Angebot keine andere Frist angegeben ist, erfolgt die Lieferung der Ware im Inland (Deutschland) innerhalb von 2-3 Tagen, bei Auslandslieferungen innerhalb von 2-4 Tagen nach Vertragsschluss (bei vereinbarter Vorauszahlung nach dem Zeitpunkt Ihrer Zahlungsanweisung).<br>Beachten Sie, dass an Sonn- und Feiertagen keine Zustellung erfolgt.<br>Haben Sie Artikel mit unterschiedlichen Lieferzeiten bestellt, versenden wir die Ware in einer gemeinsamen Sendung, sofern wir keine abweichenden Vereinbarungen mit Ihnen getroffen haben. Die Lieferzeit bestimmt sich in diesem Fall nach dem Artikel mit der l\u00e4ngsten Lieferzeit den Sie bestellt haben.<br><br><strong>Akzeptierte Zahlungsm\u00f6glichkeiten<\/strong><br><br>&#8211; Vorkasse per \u00dcberweisung<br>&#8211; Zahlung per Kreditkarte<br>&#8211; Zahlung per PayPal<br>&#8211; Zahlung per PayPal Express<br>&#8211; Zahlung per Sofort<br>&#8211; Zahlung per Giropay<br><br><strong>Weitere Einzelheiten zur Zahlung<\/strong><br><br>Bei Zahlung per Kreditkarte erfolgt die Belastung Ihres Kreditkartenkontos mit Vertragsschluss.<br><br><br>Bei Fragen finden Sie unsere Kontaktdaten im <a href=\"https:\/\/mycube.store\/edit\/\">Impressum<\/a>.<\/p>\n","protected":false},"excerpt":{"rendered":"<p>Es gelten folgende Bedingungen: Versandbedingungen Die Lieferung erfolgt innerhalb Deutschlands und in die nachstehenden L\u00e4nder: Albanien, Belgien, Bosnien und Herzegowina, Bulgarien, D\u00e4nemark, Estland, Finnland, Frankreich, Griechenland, Gro\u00dfbritannien, Irland, Island, Italien,&#8230;<\/p>\n","protected":false},"author":3,"featured_media":0,"parent":0,"menu_order":0,"comment_status":"closed","ping_status":"closed","template":"","meta":{"footnotes":""},"class_list":["post-163","page","type-page","status-publish"],"yoast_head":"<!-- This site is optimized with the Yoast SEO plugin v15.3 - https:\/\/yoast.com\/wordpress\/plugins\/seo\/ -->\n<title>ZAHLUNG UND VERSAND - mycubes - make feelings boom<\/title>\n<meta name=\"robots\" content=\"index, follow, max-snippet:-1, max-image-preview:large, max-video-preview:-1\" \/>\n<link rel=\"canonical\" href=\"https:\/\/mycube.store\/en\/zahlung-und-versand\/\" \/>\n<meta name=\"twitter:label1\" content=\"Written by\">\n\t<meta name=\"twitter:data1\" content=\"Andrej\">\n\t<meta name=\"twitter:label2\" content=\"Est. reading time\">\n\t<meta name=\"twitter:data2\" content=\"1 minute\">\n<script type=\"application\/ld+json\" class=\"yoast-schema-graph\">{\"@context\":\"https:\/\/schema.org\",\"@graph\":[{\"@type\":\"Organization\",\"@id\":\"https:\/\/mycube.store\/#organization\",\"name\":\"MyCube.Store\",\"url\":\"https:\/\/mycube.store\/\",\"sameAs\":[],\"logo\":{\"@type\":\"ImageObject\",\"@id\":\"https:\/\/mycube.store\/#logo\",\"inLanguage\":\"en-US\",\"url\":\"https:\/\/mycube.store\/wp-content\/uploads\/2020\/05\/favicon_mycube.png\",\"width\":2630,\"height\":2851,\"caption\":\"MyCube.Store\"},\"image\":{\"@id\":\"https:\/\/mycube.store\/#logo\"}},{\"@type\":\"WebSite\",\"@id\":\"https:\/\/mycube.store\/#website\",\"url\":\"https:\/\/mycube.store\/\",\"name\":\"MyCube.S\",\"description\":\"Gru\\u00dfkarten mit WOW-Effekt\",\"publisher\":{\"@id\":\"https:\/\/mycube.store\/#organization\"},\"potentialAction\":[{\"@type\":\"SearchAction\",\"target\":\"https:\/\/mycube.store\/?s={search_term_string}\",\"query-input\":\"required name=search_term_string\"}],\"inLanguage\":\"en-US\"},{\"@type\":\"WebPage\",\"@id\":\"https:\/\/mycube.store\/zahlung-und-versand\/#webpage\",\"url\":\"https:\/\/mycube.store\/zahlung-und-versand\/\",\"name\":\"ZAHLUNG UND VERSAND - mycubes - make feelings boom\",\"isPartOf\":{\"@id\":\"https:\/\/mycube.store\/#website\"},\"datePublished\":\"2020-05-05T11:05:51+00:00\",\"dateModified\":\"2020-05-05T11:05:51+00:00\",\"inLanguage\":\"en-US\",\"potentialAction\":[{\"@type\":\"ReadAction\",\"target\":[\"https:\/\/mycube.store\/zahlung-und-versand\/\"]}]}]}<\/script>\n<!-- \/ Yoast SEO plugin. -->","_links":{"self":[{"href":"https:\/\/mycube.store\/en\/wp-json\/wp\/v2\/pages\/163\/"}],"collection":[{"href":"https:\/\/mycube.store\/en\/wp-json\/wp\/v2\/pages\/"}],"about":[{"href":"https:\/\/mycube.store\/en\/wp-json\/wp\/v2\/types\/page\/"}],"author":[{"embeddable":true,"href":"https:\/\/mycube.store\/en\/wp-json\/wp\/v2\/users\/3\/"}],"replies":[{"embeddable":true,"href":"https:\/\/mycube.store\/en\/wp-json\/wp\/v2\/comments\/?post=163"}],"version-history":[{"count":1,"href":"https:\/\/mycube.store\/en\/wp-json\/wp\/v2\/pages\/163\/revisions\/"}],"predecessor-version":[{"id":164,"href":"https:\/\/mycube.store\/en\/wp-json\/wp\/v2\/pages\/163\/revisions\/164\/"}],"wp:attachment":[{"href":"https:\/\/mycube.store\/en\/wp-json\/wp\/v2\/media\/?parent=163"}],"curies":[{"name":"wp","href":"https:\/\/api.w.org\/{rel}","templated":true}]}}